{"id":1076,"date":"2022-09-08T12:25:31","date_gmt":"2022-09-08T10:25:31","guid":{"rendered":"https:\/\/coastday.net\/?page_id=1076"},"modified":"2023-09-25T16:40:36","modified_gmt":"2023-09-25T14:40:36","slug":"histoire","status":"publish","type":"page","link":"https:\/\/coastday.net\/index.php\/fr\/histoire\/","title":{"rendered":"Histoire"},"content":{"rendered":"<p>[et_pb_section fb_built=&#8221;1&#8243; _builder_version=&#8221;4.21.0&#8243; _module_preset=&#8221;default&#8221; background_color=&#8221;rgba(0,0,0,0.34)&#8221; background_image=&#8221;https:\/\/coastday.net\/wp-content\/uploads\/2023\/07\/aegean-coast-with-marvelous-blue-water-rich-nature-islands-mountains-small-white-houses.jpeg&#8221; parallax=&#8221;on&#8221; background_enable_video_mp4=&#8221;off&#8221; custom_padding=&#8221;||86px|||&#8221; bottom_divider_style=&#8221;wave&#8221; bottom_divider_color=&#8221;#1892D1&#8243; locked=&#8221;off&#8221; global_colors_info=&#8221;{}&#8221;][et_pb_row _builder_version=&#8221;4.16&#8243; _module_preset=&#8221;default&#8221; global_colors_info=&#8221;{}&#8221;][et_pb_column type=&#8221;4_4&#8243; _builder_version=&#8221;4.16&#8243; _module_preset=&#8221;default&#8221; global_colors_info=&#8221;{}&#8221;][et_pb_image src=&#8221;https:\/\/coastday.net\/wp-content\/uploads\/2021\/09\/LOGO-COD.png&#8221; alt=&#8221;LOGO COAST DAY&#8221; title_text=&#8221;LOGO MED COASTDAY&#8221; align=&#8221;center&#8221; _builder_version=&#8221;4.16&#8243; _module_preset=&#8221;default&#8221; module_alignment=&#8221;center&#8221; max_height=&#8221;195px&#8221; global_colors_info=&#8221;{}&#8221;][\/et_pb_image][\/et_pb_column][\/et_pb_row][\/et_pb_section][et_pb_section fb_built=&#8221;1&#8243; _builder_version=&#8221;4.16&#8243; _module_preset=&#8221;default&#8221; background_color=&#8221;#0B61AB&#8221; use_background_color_gradient=&#8221;on&#8221; background_color_gradient_stops=&#8221;#1892d1 0%|#0b4597 100%&#8221; background_color_gradient_start=&#8221;#1892d1&#8243; background_color_gradient_end=&#8221;#0b4597&#8243; custom_margin=&#8221;-11px|||||&#8221; custom_padding=&#8221;21px||0px|||&#8221; locked=&#8221;off&#8221; global_colors_info=&#8221;{}&#8221;][et_pb_row _builder_version=&#8221;4.16&#8243; _module_preset=&#8221;default&#8221; custom_padding=&#8221;||0px|||&#8221; global_colors_info=&#8221;{}&#8221;][et_pb_column type=&#8221;4_4&#8243; _builder_version=&#8221;4.16&#8243; _module_preset=&#8221;default&#8221; global_colors_info=&#8221;{}&#8221;][et_pb_text _builder_version=&#8221;4.21.0&#8243; _module_preset=&#8221;default&#8221; text_font=&#8221;|600||on|||||&#8221; text_text_color=&#8221;#FFFFFF&#8221; text_font_size=&#8221;25px&#8221; text_orientation=&#8221;center&#8221; global_colors_info=&#8221;{}&#8221;]<\/p>\n<p>UNE BR\u00c8VE HISTOIRE DE LA JOURN\u00c9E DU LITTORAL M\u00c9DITERRAN\u00c9EN<\/p>\n<p>[\/et_pb_text][et_pb_text _builder_version=&#8221;4.16&#8243; _module_preset=&#8221;default&#8221; text_font=&#8221;Titillium Web||||||||&#8221; text_text_color=&#8221;#FFFFFF&#8221; text_font_size=&#8221;18px&#8221; header_font=&#8221;Titillium Web||||||||&#8221; header_text_color=&#8221;#FFFFFF&#8221; custom_padding=&#8221;0px||2px|||&#8221; global_colors_info=&#8221;{}&#8221;]<\/p>\n<p>La <strong>Journ\u00e9e du Littoral m\u00e9diterran\u00e9en<\/strong> est une initiative visant \u00e0 promouvoir la <strong>Gestion Int\u00e9gr\u00e9e des Zones C\u00f4ti\u00e8res (GIZC)<\/strong> en tant que cadre politique optimal pour parvenir au d\u00e9veloppement durable du littoral, et le <strong>CAR\/PAP<\/strong>, qui est le centre du <strong>PNUE\/PAM<\/strong> responsable de la gestion des c\u00f4tes, est le promoteur de cette action dans la r\u00e9gion m\u00e9diterran\u00e9enne.<\/p>\n<p>Cette initiative vise \u00e0 sensibiliser les d\u00e9cideurs politiques, les universitaires, les m\u00e9dias, les ONG et les populations locales \u00e0 l&#8217;environnement, mais aussi \u00e0 promouvoir et \u00e0 mettre en \u0153uvre des activit\u00e9s qui tiennent compte des contextes fragiles, \u00e9cologiques, sociaux et culturels et conduisent \u00e0 un d\u00e9veloppement c\u00f4tier durable.<\/p>\n<p>Afin d&#8217;assurer une haute visibilit\u00e9 \u00e0 cette initiative pour un engagement actif pour la protection de nos c\u00f4tes et de la mer, le CAR\/PAP invite des personnalit\u00e9s \u00e9minentes \u00e0 devenir \u00ab\u00a0<strong>Ambassadeur de la C\u00f4te<\/strong>\u00a0\u00bb, afin d\u2019inciter les d\u00e9cideurs politiques de tous les pays \u00e0 le rejoindre. Le r\u00f4le de l&#8217;Ambassadeur consiste \u00e0 participer \u00e0 la c\u00e9l\u00e9bration principale de la Journ\u00e9e du littoral et \u00e0 soutenir les efforts de sensibilisation \u00e0 la valeur de la c\u00f4te et \u00e0 son d\u00e9veloppement durable par le biais d&#8217;interviews et de messages.<\/p>\n<p>Un nouvel <strong>Ambassadeur de la C\u00f4te<\/strong> est nomm\u00e9 chaque ann\u00e9e.<\/p>\n<p>L\u2019\u00e9v\u00e8nement central de la Journ\u00e9e du littoral est c\u00e9l\u00e9br\u00e9 chaque ann\u00e9e en M\u00e9diterran\u00e9e dans un pays diff\u00e9rent, tandis que d&#8217;autres pays organisent leurs propres \u00e9v\u00e9nements.<\/p>\n<p>La date du <strong>25 septembre<\/strong> a \u00e9t\u00e9 choisie pour comm\u00e9morer la premi\u00e8re ratification du <strong>Protocole GIZC<\/strong> par la Slov\u00e9nie. Aujourd&#8217;hui plus que jamais, l&#8217;engagement en faveur du respect et de l&#8217;application des instruments adopt\u00e9s dans le cadre de la <strong>Convention de Barcelone<\/strong> et de ses Protocoles est essentiel aux efforts de la r\u00e9gion pour mieux se r\u00e9tablir dans l&#8217;\u00e8re post-COVID<\/p>\n<p>&nbsp;<\/p>\n<p>[\/et_pb_text][\/et_pb_column][\/et_pb_row][\/et_pb_section][et_pb_section fb_built=&#8221;1&#8243; _builder_version=&#8221;4.21.0&#8243; _module_preset=&#8221;default&#8221; background_color=&#8221;RGBA(0,0,0,0)&#8221; background_image=&#8221;https:\/\/coastday.net\/wp-content\/uploads\/2022\/08\/Al-Hoceima_2.png&#8221; parallax=&#8221;on&#8221; parallax_method=&#8221;off&#8221; custom_padding=&#8221;52px||54px||false|&#8221; top_divider_style=&#8221;wave&#8221; top_divider_color=&#8221;#0B4597&#8243; bottom_divider_style=&#8221;wave&#8221; bottom_divider_color=&#8221;#0B4597&#8243; locked=&#8221;off&#8221; global_colors_info=&#8221;{}&#8221;][et_pb_row _builder_version=&#8221;4.16&#8243; _module_preset=&#8221;default&#8221; background_enable_color=&#8221;off&#8221; min_height=&#8221;231.6px&#8221; custom_padding=&#8221;28px||0px|||&#8221; border_radii=&#8221;on|88px|88px|88px|88px&#8221; global_colors_info=&#8221;{}&#8221;][et_pb_column type=&#8221;4_4&#8243; _builder_version=&#8221;4.16&#8243; _module_preset=&#8221;default&#8221; global_colors_info=&#8221;{}&#8221;][et_pb_cta title=&#8221;Journ\u00e9e du Littoral m\u00e9diterran\u00e9en 2022&#8243; _builder_version=&#8221;4.16&#8243; _module_preset=&#8221;default&#8221; header_font=&#8221;Titillium Web|600||on|||||&#8221; header_text_color=&#8221;#FFFFFF&#8221; header_font_size=&#8221;26px&#8221; body_font=&#8221;Titillium Web||||||||&#8221; body_text_align=&#8221;center&#8221; body_text_color=&#8221;#FFFFFF&#8221; body_font_size=&#8221;18px&#8221; body_line_height=&#8221;1.6em&#8221; background_color=&#8221;RGBA(0,0,0,0)&#8221; min_height=&#8221;99px&#8221; custom_margin=&#8221;||-2px|||&#8221; custom_padding=&#8221;37px||0px|||&#8221; global_colors_info=&#8221;{}&#8221;][\/et_pb_cta][et_pb_button button_url=&#8221;https:\/\/coastday.net\/index.php\/coast-day-2022\/&#8221; button_text=&#8221;En savoir plus&#8221; _builder_version=&#8221;4.21.0&#8243; _module_preset=&#8221;eef7439b-6ee6-40f5-b318-216da3d4612f&#8221; button_border_radius=&#8221;33px&#8221; button_icon_color=&#8221;#9BDBF7&#8243; custom_margin=&#8221;||62px|||&#8221; global_colors_info=&#8221;{}&#8221;][\/et_pb_button][\/et_pb_column][\/et_pb_row][\/et_pb_section][et_pb_section fb_built=&#8221;1&#8243; _builder_version=&#8221;4.21.0&#8243; _module_preset=&#8221;default&#8221; background_color=&#8221;RGBA(0,0,0,0)&#8221; background_image=&#8221;https:\/\/coastday.net\/wp-content\/uploads\/2021\/09\/aegean-sea-coast-greece-rocky-hills-with-growing-trees-bushes-wide-expanse-water-BLU-scaled.jpg&#8221; parallax=&#8221;on&#8221; parallax_method=&#8221;off&#8221; custom_padding=&#8221;52px||54px||false|&#8221; top_divider_style=&#8221;wave&#8221; top_divider_color=&#8221;#0B4597&#8243; bottom_divider_style=&#8221;wave&#8221; bottom_divider_color=&#8221;#1892D1&#8243; locked=&#8221;off&#8221; global_colors_info=&#8221;{}&#8221;][et_pb_row _builder_version=&#8221;4.16&#8243; _module_preset=&#8221;default&#8221; background_enable_color=&#8221;off&#8221; min_height=&#8221;231.6px&#8221; custom_padding=&#8221;28px||0px|||&#8221; border_radii=&#8221;on|88px|88px|88px|88px&#8221; global_colors_info=&#8221;{}&#8221;][et_pb_column type=&#8221;4_4&#8243; _builder_version=&#8221;4.16&#8243; _module_preset=&#8221;default&#8221; global_colors_info=&#8221;{}&#8221;][et_pb_cta title=&#8221;Journ\u00e9e du Littoral m\u00e9diterran\u00e9en 2021&#8243; _builder_version=&#8221;4.16&#8243; _module_preset=&#8221;default&#8221; header_font=&#8221;Titillium Web|600||on|||||&#8221; header_text_color=&#8221;#FFFFFF&#8221; header_font_size=&#8221;26px&#8221; body_font=&#8221;Titillium Web||||||||&#8221; body_text_align=&#8221;center&#8221; body_text_color=&#8221;#FFFFFF&#8221; body_font_size=&#8221;18px&#8221; body_line_height=&#8221;1.6em&#8221; background_color=&#8221;RGBA(0,0,0,0)&#8221; min_height=&#8221;99px&#8221; custom_margin=&#8221;||-2px|||&#8221; custom_padding=&#8221;37px||0px|||&#8221; global_colors_info=&#8221;{}&#8221;][\/et_pb_cta][et_pb_button button_url=&#8221;@ET-DC@eyJkeW5hbWljIjp0cnVlLCJjb250ZW50IjoicG9zdF9saW5rX3VybF9wYWdlIiwic2V0dGluZ3MiOnsicG9zdF9pZCI6IjkwNiJ9fQ==@&#8221; button_text=&#8221;En savoir plus&#8221; _builder_version=&#8221;4.16&#8243; _dynamic_attributes=&#8221;button_url&#8221; _module_preset=&#8221;eef7439b-6ee6-40f5-b318-216da3d4612f&#8221; button_border_radius=&#8221;33px&#8221; button_icon_color=&#8221;#9BDBF7&#8243; custom_margin=&#8221;||62px|||&#8221; global_colors_info=&#8221;{}&#8221;][\/et_pb_button][\/et_pb_column][\/et_pb_row][\/et_pb_section][et_pb_section fb_built=&#8221;1&#8243; prev_background_color=&#8221;RGBA(0,0,0,0)&#8221; next_background_color=&#8221;#9BDBF7&#8243; module_id=&#8221;ambassadeur&#8221; _builder_version=&#8221;4.22.1&#8243; _module_preset=&#8221;default&#8221; background_color=&#8221;#1892D1&#8243; use_background_color_gradient=&#8221;on&#8221; background_color_gradient_stops=&#8221;#1892d1 0%|#60abd1 100%&#8221; background_color_gradient_start=&#8221;#1892d1&#8243; background_color_gradient_end=&#8221;#60abd1&#8243; custom_padding=&#8221;20px||79px|||&#8221; top_divider_style=&#8221;wave&#8221; bottom_divider_style=&#8221;wave&#8221; locked=&#8221;off&#8221; global_colors_info=&#8221;{}&#8221;][et_pb_row _builder_version=&#8221;4.16&#8243; _module_preset=&#8221;default&#8221; custom_padding=&#8221;3px|||||&#8221; global_colors_info=&#8221;{}&#8221;][et_pb_column type=&#8221;4_4&#8243; _builder_version=&#8221;4.16&#8243; _module_preset=&#8221;default&#8221; global_colors_info=&#8221;{}&#8221;][et_pb_text _builder_version=&#8221;4.21.0&#8243; _module_preset=&#8221;default&#8221; text_font=&#8221;Titillium Web|600||on|||||&#8221; text_text_color=&#8221;#FFFFFF&#8221; text_font_size=&#8221;26px&#8221; text_orientation=&#8221;center&#8221; custom_padding=&#8221;||0px|||&#8221; text_font_size_tablet=&#8221;&#8221; text_font_size_phone=&#8221;22px&#8221; text_font_size_last_edited=&#8221;on|desktop&#8221; text_line_height_tablet=&#8221;&#8221; text_line_height_phone=&#8221;1.2em&#8221; text_line_height_last_edited=&#8221;on|tablet&#8221; global_colors_info=&#8221;{}&#8221;]<\/p>\n<p>Ambassadeur de la Journ\u00e9e du Littoral m\u00e9diterran\u00e9en<\/p>\n<p>[\/et_pb_text][\/et_pb_column][\/et_pb_row][et_pb_row column_structure=&#8221;2_5,3_5&#8243; _builder_version=&#8221;4.16&#8243; _module_preset=&#8221;default&#8221; width=&#8221;85%&#8221; module_alignment=&#8221;center&#8221; min_height=&#8221;221.7px&#8221; custom_margin=&#8221;||||false|false&#8221; custom_padding=&#8221;|25px|6px|25px|false|true&#8221; filter_brightness=&#8221;94%&#8221; border_color_all=&#8221;rgba(255,255,255,0.22)&#8221; locked=&#8221;off&#8221; global_colors_info=&#8221;{}&#8221;][et_pb_column type=&#8221;2_5&#8243; _builder_version=&#8221;4.16&#8243; _module_preset=&#8221;default&#8221; background_enable_color=&#8221;off&#8221; global_colors_info=&#8221;{}&#8221;][et_pb_image src=&#8221;https:\/\/coastday.net\/wp-content\/uploads\/2023\/09\/Alket-Islami-frame-2.png&#8221; title_text=&#8221;Alket-Islami-frame&#8221; _builder_version=&#8221;4.22.2&#8243; _module_preset=&#8221;default&#8221; max_height=&#8221;227px&#8221; custom_margin=&#8221;59px|||||&#8221; border_radii=&#8221;on|30px|30px|30px|30px&#8221; global_colors_info=&#8221;{}&#8221;][\/et_pb_image][\/et_pb_column][et_pb_column type=&#8221;3_5&#8243; _builder_version=&#8221;4.16&#8243; _module_preset=&#8221;default&#8221; global_colors_info=&#8221;{}&#8221;][et_pb_text _builder_version=&#8221;4.22.2&#8243; _module_preset=&#8221;default&#8221; text_font=&#8221;Titillium Web||||||||&#8221; text_text_color=&#8221;#FFFFFF&#8221; text_font_size=&#8221;22px&#8221; header_font=&#8221;Titillium Web||||||||&#8221; header_text_color=&#8221;#002E43&#8243; custom_margin=&#8221;||11px|||&#8221; custom_padding=&#8221;3px|||||&#8221; global_colors_info=&#8221;{}&#8221;]<\/p>\n<p class=\"text-primary mb-4 font-weight-bold\" data-uw-styling-context=\"true\"><strong><span>Alket Islami<\/span>, Ambassadeur de la Journ\u00e9e du Littoral M\u00e9diterran\u00e9en<\/strong><\/p>\n<div class=\"row\">\n<div class=\"col-sm-4\">\n<div class=\"mb-3\"><\/div>\n<\/div>\n<\/div>\n<p>[\/et_pb_text][et_pb_text _builder_version=&#8221;4.22.2&#8243; _module_preset=&#8221;default&#8221; text_font=&#8221;Titillium Web||||||||&#8221; text_text_color=&#8221;#FFFFFF&#8221; text_font_size=&#8221;17px&#8221; header_font=&#8221;Titillium Web||||||||&#8221; header_text_color=&#8221;#002E43&#8243; custom_margin=&#8221;||11px|||&#8221; custom_padding=&#8221;3px|30px|3px|||&#8221; hover_enabled=&#8221;0&#8243; global_colors_info=&#8221;{}&#8221; sticky_enabled=&#8221;0&#8243;]<\/p>\n<p><span>Photographe a\u00e9rien, cam\u00e9raman, instructeur de parapente et de paramoteur, il est \u00e9galement pr\u00e9sident de l&#8217;A\u00e9roclub national d&#8217;Albani. <strong>Alket Islami<\/strong> a publi\u00e9 plusieurs volumes diff\u00e9rents de &#8220;<strong>L&#8217;Albanie vue du ciel<\/strong>&#8220;.<br \/><\/span><\/p>\n<p><span>N\u00e9 \u00e0 <strong>Tirana<\/strong> en 1965, il a \u00e9tudi\u00e9 la g\u00e9ographie et l&#8217;histoire \u00e0 l&#8217;<strong>universit\u00e9 de Tirana<\/strong> et, gr\u00e2ce \u00e0 sa passion, il a d\u00e9velopp\u00e9 une nouvelle relation avec son pays.<\/span><\/p>\n<p><span><strong>Alket Islami<\/strong> a choisi de montrer l&#8217;Albanie avec des images prises &#8220;depuis les airs&#8221;: au fil des saisons et des ann\u00e9es, il a r\u00e9ussi \u00e0 capturer les changements environnementaux de la c\u00f4te albanaise. <\/span><\/p>\n<p><span>Dans les airs, <strong>Alket<\/strong> est dans son \u00e9l\u00e9ment : arm\u00e9 d&#8217;un appareil photo, il a pris des centaines et des centaines de photos, montrant diff\u00e9rents moments r\u00e9v\u00e9l\u00e9s au fil du temps, et t\u00e9moignant des transformations qui ont laiss\u00e9 leur empreinte sur la c\u00f4te albanaise.<\/span><\/p>\n<p>[\/et_pb_text][\/et_pb_column][\/et_pb_row][\/et_pb_section][et_pb_section fb_built=&#8221;1&#8243; _builder_version=&#8221;4.16&#8243; _module_preset=&#8221;default&#8221; background_color=&#8221;#9BDBF7&#8243; custom_margin=&#8221;-7px|||||&#8221; custom_padding=&#8221;8px||14px|||&#8221; top_divider_color=&#8221;#0B61AB&#8221; locked=&#8221;off&#8221; global_colors_info=&#8221;{}&#8221;][et_pb_row _builder_version=&#8221;4.16&#8243; _module_preset=&#8221;default&#8221; custom_padding=&#8221;11px|||||&#8221; global_colors_info=&#8221;{}&#8221;][et_pb_column type=&#8221;4_4&#8243; _builder_version=&#8221;4.16&#8243; _module_preset=&#8221;default&#8221; global_colors_info=&#8221;{}&#8221;][et_pb_text _builder_version=&#8221;4.16&#8243; _module_preset=&#8221;default&#8221; text_font=&#8221;Titillium Web||||||||&#8221; text_text_color=&#8221;#0B61AB&#8221; text_font_size=&#8221;20px&#8221; text_line_height=&#8221;1.5em&#8221; module_alignment=&#8221;center&#8221; custom_padding=&#8221;||0px|||&#8221; global_colors_info=&#8221;{}&#8221;]<\/p>\n<p style=\"text-align: center;\"><strong>CARTE DES \u00c9V\u00c9NEMENTS PASS\u00c9S<\/strong><\/p>\n<p>&nbsp;<\/p>\n<p>[\/et_pb_text][et_pb_code _builder_version=&#8221;4.16&#8243; _module_preset=&#8221;default&#8221; custom_margin=&#8221;-59px|||||&#8221; border_radii=&#8221;off|20px|20px||&#8221; global_colors_info=&#8221;{}&#8221;]<iframe loading=\"lazy\" width=\"100%\" height=\"650px\" frameborder=\"0\" allowfullscreen src=\"\/\/umap.openstreetmap.fr\/it\/map\/historical-coast-days-2022_809849?scaleControl=false&#038;miniMap=false&#038;scrollWheelZoom=false&#038;zoomControl=true&#038;allowEdit=false&#038;moreControl=true&#038;searchControl=null&#038;tilelayersControl=null&#038;embedControl=null&#038;datalayersControl=true&#038;onLoadPanel=undefined&#038;captionBar=false\"><\/iframe><pee><a href=\"\/\/umap.openstreetmap.fr\/it\/map\/historical-coast-days-2022_809849\">Visualizza a schermo intero<\/a><\/pee>[\/et_pb_code][\/et_pb_column][\/et_pb_row][\/et_pb_section]<\/p>\n","protected":false},"excerpt":{"rendered":"<p>UNE BR\u00c8VE HISTOIRE DE LA JOURN\u00c9E DU LITTORAL M\u00c9DITERRAN\u00c9ENLa Journ\u00e9e du Littoral m\u00e9diterran\u00e9en est une initiative visant \u00e0 promouvoir la Gestion Int\u00e9gr\u00e9e des Zones C\u00f4ti\u00e8res (GIZC) en tant que cadre politique optimal pour parvenir au d\u00e9veloppement durable du littoral, et le CAR\/PAP, qui est le centre du PNUE\/PAM responsable de la gestion des c\u00f4tes, est [&hellip;]<\/p>\n","protected":false},"author":1,"featured_media":0,"parent":0,"menu_order":0,"comment_status":"closed","ping_status":"closed","template":"","meta":{"_et_pb_use_builder":"on","_et_pb_old_content":"","_et_gb_content_width":"","footnotes":""},"class_list":["post-1076","page","type-page","status-publish","hentry"],"_links":{"self":[{"href":"https:\/\/coastday.net\/index.php\/wp-json\/wp\/v2\/pages\/1076","targetHints":{"allow":["GET"]}}],"collection":[{"href":"https:\/\/coastday.net\/index.php\/wp-json\/wp\/v2\/pages"}],"about":[{"href":"https:\/\/coastday.net\/index.php\/wp-json\/wp\/v2\/types\/page"}],"author":[{"embeddable":true,"href":"https:\/\/coastday.net\/index.php\/wp-json\/wp\/v2\/users\/1"}],"replies":[{"embeddable":true,"href":"https:\/\/coastday.net\/index.php\/wp-json\/wp\/v2\/comments?post=1076"}],"version-history":[{"count":25,"href":"https:\/\/coastday.net\/index.php\/wp-json\/wp\/v2\/pages\/1076\/revisions"}],"predecessor-version":[{"id":1633,"href":"https:\/\/coastday.net\/index.php\/wp-json\/wp\/v2\/pages\/1076\/revisions\/1633"}],"wp:attachment":[{"href":"https:\/\/coastday.net\/index.php\/wp-json\/wp\/v2\/media?parent=1076"}],"curies":[{"name":"wp","href":"https:\/\/api.w.org\/{rel}","templated":true}]}}