{"id":1093,"date":"2022-09-08T13:12:33","date_gmt":"2022-09-08T11:12:33","guid":{"rendered":"https:\/\/coastday.net\/?page_id=1093"},"modified":"2023-09-27T14:17:16","modified_gmt":"2023-09-27T12:17:16","slug":"apprendre","status":"publish","type":"page","link":"https:\/\/coastday.net\/index.php\/fr\/apprendre\/","title":{"rendered":"Apprendre"},"content":{"rendered":"<p>[et_pb_section fb_built=&#8221;1&#8243; _builder_version=&#8221;4.22.1&#8243; _module_preset=&#8221;default&#8221; background_color=&#8221;RGBA(0,0,0,0)&#8221; background_image=&#8221;https:\/\/coastday.net\/wp-content\/uploads\/2023\/07\/Albania.png&#8221; parallax=&#8221;on&#8221; parallax_method=&#8221;off&#8221; custom_padding=&#8221;141px||132px||false|&#8221; top_divider_color=&#8221;#FFFFFF&#8221; bottom_divider_style=&#8221;wave&#8221; bottom_divider_color=&#8221;#002e43&#8243; locked=&#8221;off&#8221; global_colors_info=&#8221;{}&#8221;][et_pb_row _builder_version=&#8221;4.21.0&#8243; _module_preset=&#8221;default&#8221; background_color=&#8221;rgba(255,255,255,0.9)&#8221; custom_margin=&#8221;-4px|auto|-5px|auto||&#8221; custom_padding=&#8221;22px||22px||true|&#8221; border_radii=&#8221;off|50px|50px|50px|50px&#8221; global_colors_info=&#8221;{}&#8221;][et_pb_column type=&#8221;4_4&#8243; _builder_version=&#8221;4.16&#8243; _module_preset=&#8221;default&#8221; global_colors_info=&#8221;{}&#8221;][et_pb_text _builder_version=&#8221;4.22.2&#8243; _module_preset=&#8221;default&#8221; text_font=&#8221;Titillium Web|600||on|||||&#8221; text_text_color=&#8221;#0B4597&#8243; text_font_size=&#8221;24px&#8221; custom_margin=&#8221;14px|50px|13px|50px|false|true&#8221; custom_padding=&#8221;0px||7px|||&#8221; global_colors_info=&#8221;{}&#8221;]<\/p>\n<p>LES AQUIF\u00c8RES C\u00d4TIERS: LE TR\u00c9SOR INVISIBLE<\/p>\n<p>[\/et_pb_text][et_pb_text _builder_version=&#8221;4.22.2&#8243; _module_preset=&#8221;default&#8221; text_font=&#8221;Titillium Web||||||||&#8221; text_text_color=&#8221;#0B4597&#8243; text_font_size=&#8221;18px&#8221; custom_margin=&#8221;|50px||50px|false|true&#8221; global_colors_info=&#8221;{}&#8221;]<\/p>\n<p><em>L&#8217;\u00e9dition 2023 est consacr\u00e9e aux aquif\u00e8res c\u00f4tiers &#8211; une ressource d&#8217;eau douce inestimable cach\u00e9e sous nos c\u00f4tes.<\/em><\/p>\n<p><strong>Pourquoi les aquif\u00e8res c\u00f4tiers et les eaux souterraines, aussi importants soient ils, ont \u00e9t\u00e9 choisis comme th\u00e8me principal pour la c\u00e9l\u00e9bration de cette ann\u00e9e?<\/strong><\/p>\n<p>La population c\u00f4ti\u00e8re de la M\u00e9diterran\u00e9e est confront\u00e9e \u00e0 un probl\u00e8me urgent de ressources en eau douce. Les aquif\u00e8res c\u00f4tiers constituent la principale source d&#8217;eau douce pour la consommation, l&#8217;agriculture et les industries, et sont donc essentiels pour r\u00e9pondre \u00e0 la demande croissante.\u00a0 Cependant, ces ressources cl\u00e9s invisibles sont confront\u00e9es \u00e0 de nombreux d\u00e9fis tels que la pression croissante sur les r\u00e9serves d&#8217;eau souterraine, l&#8217;intrusion d&#8217;eau sal\u00e9e, la salinisation des aquif\u00e8res c\u00f4tiers et le transport des nutriments et des contaminants.<\/p>\n<p><strong>LE SAVIEZ-VOUS ?<\/strong><\/p>\n<p><strong>1.<br \/><\/strong>Les aquif\u00e8res c\u00f4tiers abritent des \u00e9cosyst\u00e8mes uniques et divers &#8211; mar\u00e9cages, estuaires, lagunes, zones humides et autres habitats c\u00f4tiers &#8211; qui sont vitaux pour de nombreuses esp\u00e8ces v\u00e9g\u00e9tales et animales. Certains de ces \u00e9cosyst\u00e8mes d\u00e9pendent partiellement ou enti\u00e8rement des r\u00e9gimes des eaux souterraines.<\/p>\n<p><strong>2.<br \/><\/strong><strong>L&#8217;intrusion d&#8217;eau de mer<\/strong> se produit lorsque de l&#8217;eau de mer p\u00e9n\u00e8tre dans des aquif\u00e8res d&#8217;eau douce en raison de processus naturels ou d&#8217;activit\u00e9s humaines.\u00a0 Elle affecte la qualit\u00e9 de l&#8217;eau et les \u00e9cosyst\u00e8mes qui d\u00e9pendant des eaux souterraines. Les aquif\u00e8res c\u00f4tiers, qui agissent comme une barri\u00e8re naturelle en pr\u00e9servant la qualit\u00e9 des eaux marines peu profondes et les \u00e9cosyst\u00e8mes, jouent un r\u00f4le majeur dans la r\u00e9duction des effets de l&#8217;intrusion d&#8217;eau sal\u00e9e qui rend les ressources en eau douce impropres \u00e0 la consommation ou \u00e0 l&#8217;irrigation.\u00a0 En outre, les \u00e9missions sous-marines d&#8217;eaux souterraines dans la mer, contenant un exc\u00e8s de nutriments (comme les nitrates et les phosphates), sont tr\u00e8s pr\u00e9occupantes car elles peuvent entra\u00eener la prolif\u00e9ration d&#8217;algues et l&#8217;eutrophisation, affectant les \u00e9cosyst\u00e8mes marins vivants et la sant\u00e9 humaine par une r\u00e9action en cha\u00eene.<\/p>\n<p><strong>3<\/strong>.<br \/>Les aquif\u00e8res c\u00f4tiers sont essentiels \u00e0 l&#8217;adaptation au changement climatique, notamment pour att\u00e9nuer les effets de l\u2019augmentation du niveau de la mer et de la modification des r\u00e9gimes des pr\u00e9cipitations. \u00c0 mesure que les temp\u00e9ratures mondiales et le niveau de la mer augmentent, les aquif\u00e8res c\u00f4tiers contribuent \u00e0 prot\u00e9ger les communaut\u00e9s et les \u00e9cosyst\u00e8mes c\u00f4tiers en agissant comme des tampons naturels et en servant de syst\u00e8mes naturels de stockage de l&#8217;eau douce.<\/p>\n<p>&nbsp;<\/p>\n<p>[\/et_pb_text][\/et_pb_column][\/et_pb_row][et_pb_row _builder_version=&#8221;4.21.0&#8243; _module_preset=&#8221;default&#8221; background_color=&#8221;rgba(255,255,255,0.9)&#8221; custom_margin=&#8221;29px|auto|-5px|auto||&#8221; custom_padding=&#8221;17px||17px||true|&#8221; border_radii=&#8221;off|50px|50px|50px|50px&#8221; global_colors_info=&#8221;{}&#8221;][et_pb_column type=&#8221;4_4&#8243; _builder_version=&#8221;4.16&#8243; _module_preset=&#8221;default&#8221; global_colors_info=&#8221;{}&#8221;][et_pb_text _builder_version=&#8221;4.22.2&#8243; _module_preset=&#8221;default&#8221; text_font=&#8221;Titillium Web|600||on|||||&#8221; text_text_color=&#8221;#0B4597&#8243; text_font_size=&#8221;24px&#8221; text_line_height=&#8221;1.3em&#8221; custom_margin=&#8221;14px|50px|13px|50px|false|true&#8221; custom_padding=&#8221;0px||7px|||&#8221; global_colors_info=&#8221;{}&#8221;]<\/p>\n<p>QUE POUVONS-NOUS FAIRE POUR PROT\u00c9GER LES EAUX SOUTERRAINES ET LES AQUIF\u00c8RES C\u00d4TIERS ?<\/p>\n<p>[\/et_pb_text][et_pb_text _builder_version=&#8221;4.22.2&#8243; _module_preset=&#8221;default&#8221; text_font=&#8221;Titillium Web||||||||&#8221; text_text_color=&#8221;#0B4597&#8243; text_font_size=&#8221;18px&#8221; custom_margin=&#8221;|50px||50px|false|true&#8221; global_colors_info=&#8221;{}&#8221;]<\/p>\n<h3><span style=\"color: #ff9900;\"><em><strong>Commen\u00e7ons par notre propre maison<\/strong><\/em><\/span><\/h3>\n<p><span style=\"color: #ff9900;\"><em><strong><\/strong><\/em><\/span><\/p>\n<ul>\n<li>\u00e9liminer correctement tous vos d\u00e9chets<\/li>\n<li>minimiser l&#8217;utilisation de produits chimiques<\/li>\n<li>faire vidanger et inspecter les fosses septiques tous les cinq ans<\/li>\n<li>examiner les puits et les terrains environnants<\/li>\n<\/ul>\n<h3><strong><span style=\"color: #ff9900;\"><em><span style=\"font-size: x-large;\">&#8230;<\/span><\/em><em>et terminons par la gestion int\u00e9gr\u00e9e des zones c\u00f4ti\u00e8res, qui constitue la vision d&#8217;ensemble!<\/em><\/span><\/strong><\/h3>\n<ul>\n<li>Une gestion efficace des zones c\u00f4ti\u00e8res vise \u00e0 assurer la durabilit\u00e9 des aquif\u00e8res en emp\u00eachant l&#8217;extraction excessive, la pollution et l&#8217;intrusion d&#8217;eau sal\u00e9e.<\/li>\n<li>En r\u00e9glementant l&#8217;utilisation des sols, en mettant en \u0153uvre les meilleures pratiques et en cr\u00e9ant des zones tampons, la gestion des zones c\u00f4ti\u00e8res minimise les risques de contamination et contribue \u00e0 la sant\u00e9 des aquif\u00e8res.<\/li>\n<li>Une gestion appropri\u00e9e avec des structures de protection peut r\u00e9duire la vuln\u00e9rabilit\u00e9 des aquif\u00e8res aux risques c\u00f4tiers tels que les ondes de temp\u00eate et l&#8217;augmentation du niveau de la mer.<\/li>\n<li>La gestion des zones c\u00f4ti\u00e8res, qui pr\u00e9serve les \u00e9cosyst\u00e8mes naturels tels que les mar\u00e9cages et les dunes, permet d&#8217;att\u00e9nuer les effets des conditions m\u00e9t\u00e9orologiques extr\u00eames sur les aquif\u00e8res<\/li>\n<\/ul>\n<p>[\/et_pb_text][\/et_pb_column][\/et_pb_row][et_pb_row column_structure=&#8221;1_2,1_2&#8243; _builder_version=&#8221;4.21.0&#8243; _module_preset=&#8221;default&#8221; background_color=&#8221;rgba(255,255,255,0.9)&#8221; custom_margin=&#8221;29px|auto|-5px|auto||&#8221; custom_padding=&#8221;33px||33px||true|&#8221; border_radii=&#8221;off|50px|50px|50px|50px&#8221; global_colors_info=&#8221;{}&#8221;][et_pb_column type=&#8221;1_2&#8243; _builder_version=&#8221;4.16&#8243; _module_preset=&#8221;default&#8221; global_colors_info=&#8221;{}&#8221;][et_pb_button button_url=&#8221;https:\/\/coastday.net\/wp-content\/uploads\/2023\/09\/Coastal-aquifers-online-eng.pdf&#8221; url_new_window=&#8221;on&#8221; button_text=&#8221;Coastal Aquifers ENG&#8221; _builder_version=&#8221;4.22.2&#8243; _module_preset=&#8221;default&#8221; global_colors_info=&#8221;{}&#8221;][\/et_pb_button][\/et_pb_column][et_pb_column type=&#8221;1_2&#8243; _builder_version=&#8221;4.16&#8243; _module_preset=&#8221;default&#8221; global_colors_info=&#8221;{}&#8221;][et_pb_button button_url=&#8221;https:\/\/coastday.net\/wp-content\/uploads\/2023\/09\/CoastDay-2023-leaflet-online.pdf&#8221; url_new_window=&#8221;on&#8221; button_text=&#8221;Coastal Aquifers leaflet ENG&#8221; _builder_version=&#8221;4.22.2&#8243; _module_preset=&#8221;default&#8221; global_colors_info=&#8221;{}&#8221;][\/et_pb_button][\/et_pb_column][\/et_pb_row][\/et_pb_section]<\/p>\n","protected":false},"excerpt":{"rendered":"<p>LES AQUIF\u00c8RES C\u00d4TIERS: LE TR\u00c9SOR INVISIBLEL&#8217;\u00e9dition 2023 est consacr\u00e9e aux aquif\u00e8res c\u00f4tiers &#8211; une ressource d&#8217;eau douce inestimable cach\u00e9e sous nos c\u00f4tes. Pourquoi les aquif\u00e8res c\u00f4tiers et les eaux souterraines, aussi importants soient ils, ont \u00e9t\u00e9 choisis comme th\u00e8me principal pour la c\u00e9l\u00e9bration de cette ann\u00e9e? La population c\u00f4ti\u00e8re de la M\u00e9diterran\u00e9e est confront\u00e9e \u00e0 [&hellip;]<\/p>\n","protected":false},"author":1,"featured_media":0,"parent":0,"menu_order":0,"comment_status":"closed","ping_status":"closed","template":"","meta":{"_et_pb_use_builder":"on","_et_pb_old_content":"","_et_gb_content_width":"","footnotes":""},"class_list":["post-1093","page","type-page","status-publish","hentry"],"_links":{"self":[{"href":"https:\/\/coastday.net\/index.php\/wp-json\/wp\/v2\/pages\/1093","targetHints":{"allow":["GET"]}}],"collection":[{"href":"https:\/\/coastday.net\/index.php\/wp-json\/wp\/v2\/pages"}],"about":[{"href":"https:\/\/coastday.net\/index.php\/wp-json\/wp\/v2\/types\/page"}],"author":[{"embeddable":true,"href":"https:\/\/coastday.net\/index.php\/wp-json\/wp\/v2\/users\/1"}],"replies":[{"embeddable":true,"href":"https:\/\/coastday.net\/index.php\/wp-json\/wp\/v2\/comments?post=1093"}],"version-history":[{"count":10,"href":"https:\/\/coastday.net\/index.php\/wp-json\/wp\/v2\/pages\/1093\/revisions"}],"predecessor-version":[{"id":1667,"href":"https:\/\/coastday.net\/index.php\/wp-json\/wp\/v2\/pages\/1093\/revisions\/1667"}],"wp:attachment":[{"href":"https:\/\/coastday.net\/index.php\/wp-json\/wp\/v2\/media?parent=1093"}],"curies":[{"name":"wp","href":"https:\/\/api.w.org\/{rel}","templated":true}]}}