{"id":1125,"date":"2022-09-08T16:12:06","date_gmt":"2022-09-08T14:12:06","guid":{"rendered":"https:\/\/coastday.net\/?page_id=1125"},"modified":"2023-09-27T14:30:49","modified_gmt":"2023-09-27T12:30:49","slug":"participer","status":"publish","type":"page","link":"https:\/\/coastday.net\/index.php\/fr\/participer\/","title":{"rendered":"Participer"},"content":{"rendered":"<p>[et_pb_section fb_built=&#8221;1&#8243; _builder_version=&#8221;4.21.0&#8243; _module_preset=&#8221;default&#8221; background_color=&#8221;rgba(0,0,0,0.34)&#8221; background_image=&#8221;https:\/\/coastday.net\/wp-content\/uploads\/2022\/09\/DSC_0362.jpg&#8221; parallax=&#8221;on&#8221; background_enable_video_mp4=&#8221;off&#8221; custom_padding=&#8221;73px||37px|||&#8221; bottom_divider_style=&#8221;wave&#8221; bottom_divider_color=&#8221;#002E43&#8243; locked=&#8221;off&#8221; global_colors_info=&#8221;{}&#8221;][et_pb_row _builder_version=&#8221;4.16&#8243; _module_preset=&#8221;default&#8221; global_colors_info=&#8221;{}&#8221;][et_pb_column type=&#8221;4_4&#8243; _builder_version=&#8221;4.16&#8243; _module_preset=&#8221;default&#8221; global_colors_info=&#8221;{}&#8221;][et_pb_image src=&#8221;https:\/\/coastday.net\/wp-content\/uploads\/2021\/09\/LOGO-COD.png&#8221; alt=&#8221;LOGO COAST DAY&#8221; title_text=&#8221;LOGO MED COASTDAY&#8221; align=&#8221;center&#8221; _builder_version=&#8221;4.16&#8243; _module_preset=&#8221;default&#8221; module_alignment=&#8221;center&#8221; max_height=&#8221;195px&#8221; locked=&#8221;off&#8221; global_colors_info=&#8221;{}&#8221;][\/et_pb_image][\/et_pb_column][\/et_pb_row][\/et_pb_section][et_pb_section fb_built=&#8221;1&#8243; _builder_version=&#8221;4.16&#8243; _module_preset=&#8221;default&#8221; background_color=&#8221;#002E43&#8243; use_background_color_gradient=&#8221;on&#8221; background_color_gradient_stops=&#8221;#002e43 0%|#0b61ab 100%&#8221; background_color_gradient_start=&#8221;#002e43&#8243; background_color_gradient_end=&#8221;#0b61ab&#8221; custom_padding=&#8221;21px||0px|||&#8221; locked=&#8221;off&#8221; global_colors_info=&#8221;{}&#8221;][et_pb_row _builder_version=&#8221;4.16&#8243; _module_preset=&#8221;default&#8221; custom_padding=&#8221;7px|||||&#8221; global_colors_info=&#8221;{}&#8221;][et_pb_column type=&#8221;4_4&#8243; _builder_version=&#8221;4.16&#8243; _module_preset=&#8221;default&#8221; global_colors_info=&#8221;{}&#8221;][et_pb_text _builder_version=&#8221;4.21.0&#8243; _module_preset=&#8221;default&#8221; text_font=&#8221;Titillium Web||||||||&#8221; text_text_color=&#8221;#FFFFFF&#8221; text_font_size=&#8221;18px&#8221; header_font=&#8221;Titillium Web||||||||&#8221; header_text_color=&#8221;#FFFFFF&#8221; custom_padding=&#8221;0px|||||&#8221; global_colors_info=&#8221;{}&#8221;]<\/p>\n<p>Nous vous invitons \u00e0 nous rejoindre pour c\u00e9l\u00e9brer le <strong>Jour du Littoral m\u00e9diterran\u00e9en<\/strong> dans votre maison ou votre bureau, \u00e0 la plage ou sur la place de la ville, ou \u00e0 votre endroit pr\u00e9f\u00e9r\u00e9 n&#8217;importe o\u00f9 autour de la M\u00e9diterran\u00e9e. Vous pouvez envisager d&#8217;organiser des activit\u00e9s de sensibilisation, qu\u2019elles soient en ligne ou en personne, selon les r\u00e8gles li\u00e9es au COVID en vigueur dans votre pays.<\/p>\n<p>[\/et_pb_text][\/et_pb_column][\/et_pb_row][et_pb_row column_structure=&#8221;1_4,3_4&#8243; _builder_version=&#8221;4.16&#8243; _module_preset=&#8221;default&#8221; custom_padding=&#8221;7px|||||&#8221; global_colors_info=&#8221;{}&#8221;][et_pb_column type=&#8221;1_4&#8243; _builder_version=&#8221;4.16&#8243; _module_preset=&#8221;default&#8221; global_colors_info=&#8221;{}&#8221;][et_pb_image src=&#8221;https:\/\/coastday.net\/wp-content\/uploads\/2023\/07\/02.png&#8221; title_text=&#8221;02&#8243; align=&#8221;center&#8221; _builder_version=&#8221;4.21.0&#8243; _module_preset=&#8221;default&#8221; max_height=&#8221;145px&#8221; custom_margin=&#8221;39px|||2px||&#8221; locked=&#8221;off&#8221; global_colors_info=&#8221;{}&#8221;][\/et_pb_image][\/et_pb_column][et_pb_column type=&#8221;3_4&#8243; _builder_version=&#8221;4.16&#8243; _module_preset=&#8221;default&#8221; global_colors_info=&#8221;{}&#8221;][et_pb_text _builder_version=&#8221;4.21.0&#8243; _module_preset=&#8221;default&#8221; text_font=&#8221;Titillium Web||||||||&#8221; text_text_color=&#8221;#FFFFFF&#8221; text_font_size=&#8221;18px&#8221; header_font=&#8221;Titillium Web||||||||&#8221; header_text_color=&#8221;#FFFFFF&#8221; custom_padding=&#8221;0px|||||&#8221; global_colors_info=&#8221;{}&#8221;]<\/p>\n<p>Voici quelques<strong> \u00e9tapes simples<\/strong> que vous pouvez suivre:<\/p>\n<ul>\n<li>Choisissez un th\u00e8me pour votre activit\u00e9, inspirez-vous en parcourant le <span style=\"color: #ffffff;\"><strong><a href=\"mailto:https:\/\/www.unep.org\/unepmap\/resources\" target=\"_blank\" rel=\"noopener\" style=\"color: #ffffff;\">lien<\/a> <\/strong><\/span>suivant<\/li>\n<li>Assurez-vous que les r\u00e8gles de distanciation sociale et autres mesures pertinentes sont strictement respect\u00e9es, quel que soit l&#8217;\u00e9v\u00e9nement que vous organisez.<\/li>\n<li>Aidez-nous \u00e0 faire passer le message pour des \u00e9cosyst\u00e8mes m\u00e9diterran\u00e9ens sains sur les r\u00e9seaux sociaux en utilisant les hashtags <strong>#MedCoastDay<\/strong> \/ <strong>#Act4Med<\/strong> \/ <strong>#BarcelonaConvention<\/strong> dans vos publications<\/li>\n<li>T\u00e9l\u00e9chargez et utilisez la bo\u00eete \u00e0 outils du logo du <strong>Jour du Littoral m\u00e9diterran\u00e9en<\/strong> pour marquer votre \u00e9v\u00e9nement ou activit\u00e9<\/li>\n<li>Inspirez-vous de notre section bo\u00eete \u00e0 outils, choisissez des id\u00e9es et des mod\u00e8les pour vos \u00e9v\u00e9nements<\/li>\n<li>N&#8217;oubliez pas de t\u00e9l\u00e9charger l&#8217;application <strong>SeaWatcher<\/strong> du PNUE\/PAM, con\u00e7ue par l\u2019<strong>INFO\/RAC<\/strong>, sur votre appareil mobile et commencez \u00e0 signaler les d\u00e9chets marins que vous rencontrez n&#8217;importe o\u00f9 le long de la c\u00f4te m\u00e9diterran\u00e9enne. Demandez \u00e0 vos coll\u00e8gues et amis de faire de m\u00eame<\/li>\n<\/ul>\n<p><strong>Partagez avec nous<\/strong> votre \u00e9v\u00e9nement et remplissez le formulaire ci-dessous<\/p>\n<p><strong>Nous ferons<\/strong> la promotion de votre \u00e9v\u00e9nement sur les sites Web et les plateformes de m\u00e9dias sociaux du PAM<\/p>\n<p>[\/et_pb_text][\/et_pb_column][\/et_pb_row][\/et_pb_section][et_pb_section fb_built=&#8221;1&#8243; _builder_version=&#8221;4.16&#8243; _module_preset=&#8221;default&#8221; background_color=&#8221;RGBA(0,0,0,0)&#8221; background_image=&#8221;https:\/\/coastday.net\/wp-content\/uploads\/2022\/09\/Cap-3-fourches-4.jpg&#8221; parallax=&#8221;on&#8221; parallax_method=&#8221;off&#8221; custom_padding=&#8221;67px||67px||true|&#8221; top_divider_style=&#8221;wave&#8221; top_divider_color=&#8221;#0B61AB&#8221; bottom_divider_style=&#8221;wave&#8221; bottom_divider_color=&#8221;#0B61AB&#8221; locked=&#8221;off&#8221; global_colors_info=&#8221;{}&#8221;][et_pb_row _builder_version=&#8221;4.16&#8243; _module_preset=&#8221;default&#8221; background_enable_color=&#8221;off&#8221; custom_padding=&#8221;28px|||||&#8221; border_radii=&#8221;on|88px|88px|88px|88px&#8221; global_colors_info=&#8221;{}&#8221;][et_pb_column type=&#8221;4_4&#8243; _builder_version=&#8221;4.16&#8243; _module_preset=&#8221;default&#8221; global_colors_info=&#8221;{}&#8221;][et_pb_cta _builder_version=&#8221;4.16&#8243; _module_preset=&#8221;default&#8221; header_font=&#8221;Titillium Web|600|||||||&#8221; header_text_color=&#8221;#FFFFFF&#8221; header_font_size=&#8221;22px&#8221; body_font=&#8221;Titillium Web||||||||&#8221; body_text_align=&#8221;center&#8221; body_text_color=&#8221;#FFFFFF&#8221; body_font_size=&#8221;18px&#8221; body_line_height=&#8221;1.6em&#8221; background_color=&#8221;RGBA(0,0,0,0)&#8221; min_height=&#8221;99px&#8221; custom_margin=&#8221;||-2px|||&#8221; custom_padding=&#8221;37px||0px|||&#8221; global_colors_info=&#8221;{}&#8221;]<\/p>\n<p><span style=\"font-size: 24px;\"><b>ET DITES-NOUS EN PLUS SUR VOTRE \u00c9V\u00c9NEMENT<\/b><\/span><\/p>\n<p>Que pr\u00e9voyez-vous pour soutenir l&#8217;\u00e9dition 2023 du Jour de la C\u00f4te M\u00e9diterran\u00e9enne ?<\/p>\n<p>[\/et_pb_cta][et_pb_button button_url=&#8221;https:\/\/docs.google.com\/forms\/d\/e\/1FAIpQLSewakM4xml5XHw_c7LSMCNf3egeq8tMlX80JDb_4TD20JGMzw\/viewform&#8221; url_new_window=&#8221;on&#8221; button_text=&#8221;Remplissez le formulaire&#8221; _builder_version=&#8221;4.16&#8243; _module_preset=&#8221;default&#8221; button_bg_color=&#8221;rgba(24,146,209,0.84)&#8221; button_border_radius=&#8221;33px&#8221; button_font=&#8221;Titillium Web|600||on|||||&#8221; button_icon=&#8221;%%74%%&#8221; button_icon_color=&#8221;#9BDBF7&#8243; background_layout=&#8221;dark&#8221; custom_padding=&#8221;10px||10px||true|&#8221; global_colors_info=&#8221;{}&#8221;][\/et_pb_button][\/et_pb_column][\/et_pb_row][\/et_pb_section][et_pb_section fb_built=&#8221;1&#8243; disabled_on=&#8221;off|off|off&#8221; _builder_version=&#8221;4.16&#8243; _module_preset=&#8221;default&#8221; background_color=&#8221;#0B61AB&#8221; use_background_color_gradient=&#8221;on&#8221; background_color_gradient_stops=&#8221;#0b61ab 0%|#3373aa 100%&#8221; background_color_gradient_start=&#8221;#0b61ab&#8221; background_color_gradient_end=&#8221;#3373aa&#8221; custom_padding=&#8221;5px||6px|||&#8221; bottom_divider_style=&#8221;wave&#8221; bottom_divider_color=&#8221;#002e43&#8243; locked=&#8221;off&#8221; global_colors_info=&#8221;{}&#8221;][et_pb_row _builder_version=&#8221;4.16&#8243; _module_preset=&#8221;default&#8221; global_colors_info=&#8221;{}&#8221;][et_pb_column type=&#8221;4_4&#8243; _builder_version=&#8221;4.16&#8243; _module_preset=&#8221;default&#8221; global_colors_info=&#8221;{}&#8221;][et_pb_text _builder_version=&#8221;4.16&#8243; _module_preset=&#8221;default&#8221; text_font=&#8221;Titillium Web||||||||&#8221; text_text_color=&#8221;#FFFFFF&#8221; text_font_size=&#8221;23px&#8221; text_orientation=&#8221;center&#8221; text_orientation_tablet=&#8221;left&#8221; text_orientation_phone=&#8221;left&#8221; text_orientation_last_edited=&#8221;on|phone&#8221; global_colors_info=&#8221;{}&#8221;]<\/p>\n<p style=\"text-align: center;\"><strong>T\u00c9L\u00c9CHARGER TOOLKITS POUR METTRE EN PLACE DES ACTIVIT\u00c9S C\u00d4TI\u00c8RES DANS VOTRE PAYS<\/strong><\/p>\n<p>[\/et_pb_text][\/et_pb_column][\/et_pb_row][et_pb_row column_structure=&#8221;1_2,1_2&#8243; _builder_version=&#8221;4.16&#8243; _module_preset=&#8221;default&#8221; custom_padding=&#8221;7px||57px|||&#8221; global_colors_info=&#8221;{}&#8221;][et_pb_column type=&#8221;1_2&#8243; _builder_version=&#8221;4.16&#8243; _module_preset=&#8221;default&#8221; global_colors_info=&#8221;{}&#8221;][et_pb_blurb title=&#8221;Med Coast Day LOGO Toolkit&#8221; url=&#8221;https:\/\/coastday.net\/wp-content\/uploads\/2021\/09\/MedCoastDay-logo-all-languages.zip&#8221; url_new_window=&#8221;on&#8221; image=&#8221;https:\/\/coastday.net\/wp-content\/uploads\/2021\/09\/Tavola-disegno-3-copiaLOGO-TOOL-2.png&#8221; image_icon_width=&#8221;80%&#8221; icon_alignment=&#8221;left&#8221; content_max_width=&#8221;300px&#8221; icon_alignment_tablet=&#8221;center&#8221; icon_alignment_phone=&#8221;&#8221; icon_alignment_last_edited=&#8221;on|tablet&#8221; _builder_version=&#8221;4.16&#8243; _module_preset=&#8221;default&#8221; header_font=&#8221;Titillium Web|600|||||||&#8221; header_text_color=&#8221;#FFFFFF&#8221; header_font_size=&#8221;22px&#8221; body_font=&#8221;Titillium Web||||||||&#8221; body_text_color=&#8221;#FFFFFF&#8221; body_font_size=&#8221;17px&#8221; custom_padding=&#8221;|64px||||&#8221; border_radii=&#8221;on|3px|3px|3px|3px&#8221; border_radii_image=&#8221;on|35px|35px|35px|35px&#8221; box_shadow_style_image=&#8221;preset3&#8243; image_max_width=&#8221;80%&#8221; global_colors_info=&#8221;{}&#8221;]<\/p>\n<div class=\"about-title-two\"><\/div>\n<p>T\u00e9l\u00e9chargez et utilisez logo du Jour de la C\u00f4te m\u00e9diterran\u00e9enne pour marquer votre \u00e9v\u00e9nement ou votre activit\u00e9<\/p>\n<p>[\/et_pb_blurb][\/et_pb_column][et_pb_column type=&#8221;1_2&#8243; _builder_version=&#8221;4.16&#8243; _module_preset=&#8221;default&#8221; global_colors_info=&#8221;{}&#8221;][et_pb_blurb title=&#8221;SEAWatcher APP&#8221; url=&#8221;https:\/\/seawatcher.info-rac.org&#8221; url_new_window=&#8221;on&#8221; image=&#8221;https:\/\/coastday.net\/wp-content\/uploads\/2021\/09\/SeaWatcher-APP.png&#8221; image_icon_width=&#8221;70%&#8221; icon_alignment=&#8221;left&#8221; content_max_width=&#8221;300px&#8221; icon_alignment_tablet=&#8221;center&#8221; icon_alignment_phone=&#8221;&#8221; icon_alignment_last_edited=&#8221;on|phone&#8221; _builder_version=&#8221;4.16&#8243; _module_preset=&#8221;default&#8221; header_font=&#8221;Titillium Web|600|||||||&#8221; header_text_color=&#8221;#FFFFFF&#8221; header_font_size=&#8221;22px&#8221; body_font=&#8221;Titillium Web||||||||&#8221; body_text_color=&#8221;#FFFFFF&#8221; body_font_size=&#8221;17px&#8221; custom_padding=&#8221;|64px||||&#8221; border_radii=&#8221;on|3px|3px|3px|3px&#8221; border_radii_image=&#8221;on|40px|40px|40px|40px&#8221; box_shadow_style_image=&#8221;preset3&#8243; image_max_width=&#8221;70%&#8221; global_colors_info=&#8221;{}&#8221;]<\/p>\n<div class=\"about-title-two\">\n<h3><em><span style=\"font-size: large; color: #ffffff;\">Une nouvelle application pour la science citoyenne<\/span><\/em><\/h3>\n<h3><span style=\"font-size: 17px; color: #ffffff;\">SEAWatcher est une application pour collecter des informations <\/span><strong style=\"font-size: 17px; color: #ffffff;\">g\u00e9o-localis\u00e9 sur les d\u00e9chets marins, les esp\u00e8ces invasives et les esp\u00e8ces d&#8217;int\u00e9r\u00eat communautaire<\/strong><\/h3>\n<\/div>\n<p>[\/et_pb_blurb][\/et_pb_column][\/et_pb_row][\/et_pb_section]<\/p>\n","protected":false},"excerpt":{"rendered":"<p>Nous vous invitons \u00e0 nous rejoindre pour c\u00e9l\u00e9brer le Jour du Littoral m\u00e9diterran\u00e9en dans votre maison ou votre bureau, \u00e0 la plage ou sur la place de la ville, ou \u00e0 votre endroit pr\u00e9f\u00e9r\u00e9 n&#8217;importe o\u00f9 autour de la M\u00e9diterran\u00e9e. Vous pouvez envisager d&#8217;organiser des activit\u00e9s de sensibilisation, qu\u2019elles soient en ligne ou en personne, [&hellip;]<\/p>\n","protected":false},"author":1,"featured_media":0,"parent":0,"menu_order":0,"comment_status":"closed","ping_status":"closed","template":"","meta":{"_et_pb_use_builder":"on","_et_pb_old_content":"","_et_gb_content_width":"","footnotes":""},"class_list":["post-1125","page","type-page","status-publish","hentry"],"_links":{"self":[{"href":"https:\/\/coastday.net\/index.php\/wp-json\/wp\/v2\/pages\/1125","targetHints":{"allow":["GET"]}}],"collection":[{"href":"https:\/\/coastday.net\/index.php\/wp-json\/wp\/v2\/pages"}],"about":[{"href":"https:\/\/coastday.net\/index.php\/wp-json\/wp\/v2\/types\/page"}],"author":[{"embeddable":true,"href":"https:\/\/coastday.net\/index.php\/wp-json\/wp\/v2\/users\/1"}],"replies":[{"embeddable":true,"href":"https:\/\/coastday.net\/index.php\/wp-json\/wp\/v2\/comments?post=1125"}],"version-history":[{"count":14,"href":"https:\/\/coastday.net\/index.php\/wp-json\/wp\/v2\/pages\/1125\/revisions"}],"predecessor-version":[{"id":1682,"href":"https:\/\/coastday.net\/index.php\/wp-json\/wp\/v2\/pages\/1125\/revisions\/1682"}],"wp:attachment":[{"href":"https:\/\/coastday.net\/index.php\/wp-json\/wp\/v2\/media?parent=1125"}],"curies":[{"name":"wp","href":"https:\/\/api.w.org\/{rel}","templated":true}]}}